{"id":3669,"date":"2024-08-16T15:02:37","date_gmt":"2024-08-16T15:02:37","guid":{"rendered":"https:\/\/asmartbusiness.pt\/?page_id=3669"},"modified":"2024-10-19T23:04:12","modified_gmt":"2024-10-19T23:04:12","slug":"b28-apartments","status":"publish","type":"page","link":"https:\/\/asmartbusiness.pt\/en\/b28-apartments\/","title":{"rendered":"B28 Apartments"},"content":{"rendered":"<div data-elementor-type=\"wp-page\" data-elementor-id=\"3669\" class=\"elementor elementor-3669\">\n\t\t\t\t\t\t<section class=\"elementor-section elementor-top-section elementor-element elementor-element-11f7aa8 elementor-section-boxed elementor-section-height-default elementor-section-height-default\" data-id=\"11f7aa8\" data-element_type=\"section\" data-e-type=\"section\">\n\t\t\t\t\t\t<div class=\"elementor-container elementor-column-gap-default\">\n\t\t\t\t\t<div class=\"elementor-column elementor-col-100 elementor-top-column elementor-element elementor-element-c4381a2\" data-id=\"c4381a2\" data-element_type=\"column\" data-e-type=\"column\">\n\t\t\t<div class=\"elementor-widget-wrap elementor-element-populated\">\n\t\t\t\t\t\t<div class=\"elementor-element elementor-element-0f6baad elementor-widget elementor-widget-heading\" data-id=\"0f6baad\" data-element_type=\"widget\" data-e-type=\"widget\" data-widget_type=\"heading.default\">\n\t\t\t\t<div class=\"elementor-widget-container\">\n\t\t\t\t\t<h2 class=\"elementor-heading-title elementor-size-default\">B28 Apartments<\/h2>\t\t\t\t<\/div>\n\t\t\t\t<\/div>\n\t\t\t\t\t<\/div>\n\t\t<\/div>\n\t\t\t\t\t<\/div>\n\t\t<\/section>\n\t\t\t\t<section class=\"elementor-section elementor-top-section elementor-element elementor-element-afcbe80 elementor-section-boxed elementor-section-height-default elementor-section-height-default\" data-id=\"afcbe80\" data-element_type=\"section\" data-e-type=\"section\">\n\t\t\t\t\t\t<div class=\"elementor-container elementor-column-gap-default\">\n\t\t\t\t\t<div class=\"elementor-column elementor-col-100 elementor-top-column elementor-element elementor-element-15a5fe5\" data-id=\"15a5fe5\" data-element_type=\"column\" data-e-type=\"column\">\n\t\t\t<div class=\"elementor-widget-wrap elementor-element-populated\">\n\t\t\t\t\t\t<div class=\"elementor-element elementor-element-59832bc elementor-widget elementor-widget-heading\" data-id=\"59832bc\" data-element_type=\"widget\" data-e-type=\"widget\" data-widget_type=\"heading.default\">\n\t\t\t\t<div class=\"elementor-widget-container\">\n\t\t\t\t\t<h5 class=\"elementor-heading-title elementor-size-default\">V\u00eddeo Promocional e Cria\u00e7\u00e3o de\nConte\u00fado Fotogr\u00e1fico<\/h5>\t\t\t\t<\/div>\n\t\t\t\t<\/div>\n\t\t\t\t\t<\/div>\n\t\t<\/div>\n\t\t\t\t\t<\/div>\n\t\t<\/section>\n\t\t\t\t<section class=\"elementor-section elementor-top-section elementor-element elementor-element-2ade87b elementor-section-boxed elementor-section-height-default elementor-section-height-default\" data-id=\"2ade87b\" data-element_type=\"section\" data-e-type=\"section\">\n\t\t\t\t\t\t<div class=\"elementor-container elementor-column-gap-default\">\n\t\t\t\t\t<div class=\"elementor-column elementor-col-100 elementor-top-column elementor-element elementor-element-a8ca19e\" data-id=\"a8ca19e\" data-element_type=\"column\" data-e-type=\"column\">\n\t\t\t<div class=\"elementor-widget-wrap elementor-element-populated\">\n\t\t\t\t\t\t<div class=\"elementor-element elementor-element-bbda583 elementor-widget elementor-widget-spacer\" data-id=\"bbda583\" data-element_type=\"widget\" data-e-type=\"widget\" data-widget_type=\"spacer.default\">\n\t\t\t\t<div class=\"elementor-widget-container\">\n\t\t\t\t\t\t\t<div class=\"elementor-spacer\">\n\t\t\t<div class=\"elementor-spacer-inner\"><\/div>\n\t\t<\/div>\n\t\t\t\t\t\t<\/div>\n\t\t\t\t<\/div>\n\t\t\t\t\t<\/div>\n\t\t<\/div>\n\t\t\t\t\t<\/div>\n\t\t<\/section>\n\t\t\t\t<section class=\"elementor-section elementor-top-section elementor-element elementor-element-07a6737 elementor-section-boxed elementor-section-height-default elementor-section-height-default\" data-id=\"07a6737\" data-element_type=\"section\" data-e-type=\"section\">\n\t\t\t\t\t\t<div class=\"elementor-container elementor-column-gap-default\">\n\t\t\t\t\t<div class=\"elementor-column elementor-col-50 elementor-top-column elementor-element elementor-element-47054d6\" data-id=\"47054d6\" data-element_type=\"column\" data-e-type=\"column\">\n\t\t\t<div class=\"elementor-widget-wrap elementor-element-populated\">\n\t\t\t\t\t\t<div class=\"elementor-element elementor-element-cac310d elementor-widget elementor-widget-heading\" data-id=\"cac310d\" data-element_type=\"widget\" data-e-type=\"widget\" data-widget_type=\"heading.default\">\n\t\t\t\t<div class=\"elementor-widget-container\">\n\t\t\t\t\t<h5 class=\"elementor-heading-title elementor-size-default\">\u00c1rea<\/h5>\t\t\t\t<\/div>\n\t\t\t\t<\/div>\n\t\t\t\t\t<\/div>\n\t\t<\/div>\n\t\t\t\t<div class=\"elementor-column elementor-col-50 elementor-top-column elementor-element elementor-element-2e56935\" data-id=\"2e56935\" data-element_type=\"column\" data-e-type=\"column\">\n\t\t\t<div class=\"elementor-widget-wrap elementor-element-populated\">\n\t\t\t\t\t\t<div class=\"elementor-element elementor-element-58a56a6 elementor-widget elementor-widget-heading\" data-id=\"58a56a6\" data-element_type=\"widget\" data-e-type=\"widget\" data-widget_type=\"heading.default\">\n\t\t\t\t<div class=\"elementor-widget-container\">\n\t\t\t\t\t<p class=\"elementor-heading-title elementor-size-default\">V\u00eddeo Promocional e Cria\u00e7\u00e3o de Conte\u00fado Fotogr\u00e1fico<\/p>\t\t\t\t<\/div>\n\t\t\t\t<\/div>\n\t\t\t\t\t<\/div>\n\t\t<\/div>\n\t\t\t\t\t<\/div>\n\t\t<\/section>\n\t\t\t\t<section class=\"elementor-section elementor-top-section elementor-element elementor-element-5eb2190 elementor-section-boxed elementor-section-height-default elementor-section-height-default\" data-id=\"5eb2190\" data-element_type=\"section\" data-e-type=\"section\">\n\t\t\t\t\t\t<div class=\"elementor-container elementor-column-gap-default\">\n\t\t\t\t\t<div class=\"elementor-column elementor-col-50 elementor-top-column elementor-element elementor-element-2432dc5\" data-id=\"2432dc5\" data-element_type=\"column\" data-e-type=\"column\">\n\t\t\t<div class=\"elementor-widget-wrap elementor-element-populated\">\n\t\t\t\t\t\t<div class=\"elementor-element elementor-element-74775c6 elementor-widget elementor-widget-heading\" data-id=\"74775c6\" data-element_type=\"widget\" data-e-type=\"widget\" data-widget_type=\"heading.default\">\n\t\t\t\t<div class=\"elementor-widget-container\">\n\t\t\t\t\t<h5 class=\"elementor-heading-title elementor-size-default\">Ano<\/h5>\t\t\t\t<\/div>\n\t\t\t\t<\/div>\n\t\t\t\t\t<\/div>\n\t\t<\/div>\n\t\t\t\t<div class=\"elementor-column elementor-col-50 elementor-top-column elementor-element elementor-element-f5e8173\" data-id=\"f5e8173\" data-element_type=\"column\" data-e-type=\"column\">\n\t\t\t<div class=\"elementor-widget-wrap elementor-element-populated\">\n\t\t\t\t\t\t<div class=\"elementor-element elementor-element-791fb7b elementor-widget elementor-widget-heading\" data-id=\"791fb7b\" data-element_type=\"widget\" data-e-type=\"widget\" data-widget_type=\"heading.default\">\n\t\t\t\t<div class=\"elementor-widget-container\">\n\t\t\t\t\t<p class=\"elementor-heading-title elementor-size-default\">2018<\/p>\t\t\t\t<\/div>\n\t\t\t\t<\/div>\n\t\t\t\t\t<\/div>\n\t\t<\/div>\n\t\t\t\t\t<\/div>\n\t\t<\/section>\n\t\t\t\t<section class=\"elementor-section elementor-top-section elementor-element elementor-element-1460ca5 elementor-section-boxed elementor-section-height-default elementor-section-height-default\" data-id=\"1460ca5\" data-element_type=\"section\" data-e-type=\"section\">\n\t\t\t\t\t\t<div class=\"elementor-container elementor-column-gap-default\">\n\t\t\t\t\t<div class=\"elementor-column elementor-col-50 elementor-top-column elementor-element elementor-element-f898218\" data-id=\"f898218\" data-element_type=\"column\" data-e-type=\"column\">\n\t\t\t<div class=\"elementor-widget-wrap elementor-element-populated\">\n\t\t\t\t\t\t<div class=\"elementor-element elementor-element-946595f elementor-widget elementor-widget-heading\" data-id=\"946595f\" data-element_type=\"widget\" data-e-type=\"widget\" data-widget_type=\"heading.default\">\n\t\t\t\t<div class=\"elementor-widget-container\">\n\t\t\t\t\t<h5 class=\"elementor-heading-title elementor-size-default\">Descri\u00e7\u00e3o do projeto<\/h5>\t\t\t\t<\/div>\n\t\t\t\t<\/div>\n\t\t\t\t\t<\/div>\n\t\t<\/div>\n\t\t\t\t<div class=\"elementor-column elementor-col-50 elementor-top-column elementor-element elementor-element-d963f31\" data-id=\"d963f31\" data-element_type=\"column\" data-e-type=\"column\">\n\t\t\t<div class=\"elementor-widget-wrap elementor-element-populated\">\n\t\t\t\t\t\t<div class=\"elementor-element elementor-element-bae05bc elementor-widget__width-initial elementor-widget elementor-widget-heading\" data-id=\"bae05bc\" data-element_type=\"widget\" data-e-type=\"widget\" data-widget_type=\"heading.default\">\n\t\t\t\t<div class=\"elementor-widget-container\">\n\t\t\t\t\t<p class=\"elementor-heading-title elementor-size-default\">O projeto centrou-se na realiza\u00e7\u00e3o de um v\u00eddeo\npromocional e de um banco de imagens que\ndemonstrassem a qualidade e o requinte do\nespa\u00e7o de B28 Apartments, um hotel situado\nnum edif\u00edcio hist\u00f3rico na baixa do Porto.<\/p>\t\t\t\t<\/div>\n\t\t\t\t<\/div>\n\t\t\t\t\t<\/div>\n\t\t<\/div>\n\t\t\t\t\t<\/div>\n\t\t<\/section>\n\t\t\t\t<section class=\"elementor-section elementor-top-section elementor-element elementor-element-a53795c elementor-section-boxed elementor-section-height-default elementor-section-height-default\" data-id=\"a53795c\" data-element_type=\"section\" data-e-type=\"section\">\n\t\t\t\t\t\t<div class=\"elementor-container elementor-column-gap-default\">\n\t\t\t\t\t<div class=\"elementor-column elementor-col-100 elementor-top-column elementor-element elementor-element-988c82a\" data-id=\"988c82a\" data-element_type=\"column\" data-e-type=\"column\">\n\t\t\t<div class=\"elementor-widget-wrap elementor-element-populated\">\n\t\t\t\t\t\t<div class=\"elementor-element elementor-element-551944b elementor-widget elementor-widget-spacer\" data-id=\"551944b\" data-element_type=\"widget\" data-e-type=\"widget\" data-widget_type=\"spacer.default\">\n\t\t\t\t<div class=\"elementor-widget-container\">\n\t\t\t\t\t\t\t<div class=\"elementor-spacer\">\n\t\t\t<div class=\"elementor-spacer-inner\"><\/div>\n\t\t<\/div>\n\t\t\t\t\t\t<\/div>\n\t\t\t\t<\/div>\n\t\t\t\t\t<\/div>\n\t\t<\/div>\n\t\t\t\t\t<\/div>\n\t\t<\/section>\n\t\t\t\t<section class=\"elementor-section elementor-top-section elementor-element elementor-element-51c31cd elementor-section-boxed elementor-section-height-default elementor-section-height-default\" data-id=\"51c31cd\" data-element_type=\"section\" data-e-type=\"section\">\n\t\t\t\t\t\t<div class=\"elementor-container elementor-column-gap-default\">\n\t\t\t\t\t<div class=\"elementor-column elementor-col-100 elementor-top-column elementor-element elementor-element-5bc7cf5\" data-id=\"5bc7cf5\" data-element_type=\"column\" data-e-type=\"column\">\n\t\t\t<div class=\"elementor-widget-wrap elementor-element-populated\">\n\t\t\t\t\t\t<div class=\"elementor-element elementor-element-b0216e2 elementor-widget__width-initial elementor-widget elementor-widget-image\" data-id=\"b0216e2\" data-element_type=\"widget\" data-e-type=\"widget\" data-widget_type=\"image.default\">\n\t\t\t\t<div class=\"elementor-widget-container\">\n\t\t\t\t\t\t\t\t\t\t\t\t\t\t\t<img fetchpriority=\"high\" decoding=\"async\" width=\"800\" height=\"259\" src=\"https:\/\/asmartbusiness.pt\/wp-content\/uploads\/2024\/08\/b28-2-1024x332.png\" class=\"attachment-large size-large wp-image-3679\" alt=\"\" srcset=\"https:\/\/asmartbusiness.pt\/wp-content\/uploads\/2024\/08\/b28-2-1024x332.png 1024w, https:\/\/asmartbusiness.pt\/wp-content\/uploads\/2024\/08\/b28-2-300x97.png 300w, https:\/\/asmartbusiness.pt\/wp-content\/uploads\/2024\/08\/b28-2-768x249.png 768w, https:\/\/asmartbusiness.pt\/wp-content\/uploads\/2024\/08\/b28-2-1536x499.png 1536w, https:\/\/asmartbusiness.pt\/wp-content\/uploads\/2024\/08\/b28-2-2048x665.png 2048w, https:\/\/asmartbusiness.pt\/wp-content\/uploads\/2024\/08\/b28-2-18x6.png 18w\" sizes=\"(max-width: 800px) 100vw, 800px\" \/>\t\t\t\t\t\t\t\t\t\t\t\t\t\t\t<\/div>\n\t\t\t\t<\/div>\n\t\t\t\t\t<\/div>\n\t\t<\/div>\n\t\t\t\t\t<\/div>\n\t\t<\/section>\n\t\t\t\t<section class=\"elementor-section elementor-top-section elementor-element elementor-element-f873eb1 elementor-section-boxed elementor-section-height-default elementor-section-height-default\" data-id=\"f873eb1\" data-element_type=\"section\" data-e-type=\"section\">\n\t\t\t\t\t\t<div class=\"elementor-container elementor-column-gap-default\">\n\t\t\t\t\t<div class=\"elementor-column elementor-col-100 elementor-top-column elementor-element elementor-element-667348a\" data-id=\"667348a\" data-element_type=\"column\" data-e-type=\"column\">\n\t\t\t<div class=\"elementor-widget-wrap elementor-element-populated\">\n\t\t\t\t\t\t<div class=\"elementor-element elementor-element-813d721 elementor-widget elementor-widget-image\" data-id=\"813d721\" data-element_type=\"widget\" data-e-type=\"widget\" data-widget_type=\"image.default\">\n\t\t\t\t<div class=\"elementor-widget-container\">\n\t\t\t\t\t\t\t\t\t\t\t\t\t\t\t<img decoding=\"async\" width=\"800\" height=\"260\" src=\"https:\/\/asmartbusiness.pt\/wp-content\/uploads\/2024\/08\/b28-3-1024x333.png\" class=\"attachment-large size-large wp-image-3680\" alt=\"\" srcset=\"https:\/\/asmartbusiness.pt\/wp-content\/uploads\/2024\/08\/b28-3-1024x333.png 1024w, https:\/\/asmartbusiness.pt\/wp-content\/uploads\/2024\/08\/b28-3-300x97.png 300w, https:\/\/asmartbusiness.pt\/wp-content\/uploads\/2024\/08\/b28-3-768x250.png 768w, https:\/\/asmartbusiness.pt\/wp-content\/uploads\/2024\/08\/b28-3-1536x499.png 1536w, https:\/\/asmartbusiness.pt\/wp-content\/uploads\/2024\/08\/b28-3-2048x665.png 2048w, https:\/\/asmartbusiness.pt\/wp-content\/uploads\/2024\/08\/b28-3-18x6.png 18w\" sizes=\"(max-width: 800px) 100vw, 800px\" \/>\t\t\t\t\t\t\t\t\t\t\t\t\t\t\t<\/div>\n\t\t\t\t<\/div>\n\t\t\t\t\t<\/div>\n\t\t<\/div>\n\t\t\t\t\t<\/div>\n\t\t<\/section>\n\t\t\t\t<section class=\"elementor-section elementor-top-section elementor-element elementor-element-2077aa3 elementor-section-boxed elementor-section-height-default elementor-section-height-default\" data-id=\"2077aa3\" data-element_type=\"section\" data-e-type=\"section\">\n\t\t\t\t\t\t<div class=\"elementor-container elementor-column-gap-default\">\n\t\t\t\t\t<div class=\"elementor-column elementor-col-100 elementor-top-column elementor-element elementor-element-9ecfa1d\" data-id=\"9ecfa1d\" data-element_type=\"column\" data-e-type=\"column\">\n\t\t\t<div class=\"elementor-widget-wrap elementor-element-populated\">\n\t\t\t\t\t\t<div class=\"elementor-element elementor-element-664f79c elementor-widget elementor-widget-spacer\" data-id=\"664f79c\" data-element_type=\"widget\" data-e-type=\"widget\" data-widget_type=\"spacer.default\">\n\t\t\t\t<div class=\"elementor-widget-container\">\n\t\t\t\t\t\t\t<div class=\"elementor-spacer\">\n\t\t\t<div class=\"elementor-spacer-inner\"><\/div>\n\t\t<\/div>\n\t\t\t\t\t\t<\/div>\n\t\t\t\t<\/div>\n\t\t\t\t\t<\/div>\n\t\t<\/div>\n\t\t\t\t\t<\/div>\n\t\t<\/section>\n\t\t\t\t<section class=\"elementor-section elementor-top-section elementor-element elementor-element-40abb71 elementor-section-boxed elementor-section-height-default elementor-section-height-default\" data-id=\"40abb71\" data-element_type=\"section\" data-e-type=\"section\">\n\t\t\t\t\t\t<div class=\"elementor-container elementor-column-gap-default\">\n\t\t\t\t\t<div class=\"elementor-column elementor-col-100 elementor-top-column elementor-element elementor-element-a0de8c0\" data-id=\"a0de8c0\" data-element_type=\"column\" data-e-type=\"column\">\n\t\t\t<div class=\"elementor-widget-wrap elementor-element-populated\">\n\t\t\t\t\t\t<div class=\"elementor-element elementor-element-b3d9926 elementor-widget elementor-widget-button\" data-id=\"b3d9926\" data-element_type=\"widget\" data-e-type=\"widget\" data-widget_type=\"button.default\">\n\t\t\t\t<div class=\"elementor-widget-container\">\n\t\t\t\t\t\t\t\t\t<div class=\"elementor-button-wrapper\">\n\t\t\t\t\t<a class=\"elementor-button elementor-button-link elementor-size-sm\" href=\"https:\/\/asmartbusiness.pt\/en\/portfolio\/\">\n\t\t\t\t\t\t<span class=\"elementor-button-content-wrapper\">\n\t\t\t\t\t\t<span class=\"elementor-button-icon\">\n\t\t\t\t<svg xmlns=\"http:\/\/www.w3.org\/2000\/svg\" width=\"56\" height=\"30\" viewbox=\"0 0 56 30\" fill=\"none\"><path d=\"M53.5 17C54.6046 17 55.5 16.1046 55.5 15C55.5 13.8954 54.6046 13 53.5 13L53.5 17ZM0.585786 13.5858C-0.195262 14.3668 -0.195262 15.6332 0.585786 16.4142L13.3137 29.1421C14.0948 29.9232 15.3611 29.9232 16.1421 29.1421C16.9232 28.3611 16.9232 27.0948 16.1421 26.3137L4.82843 15L16.1421 3.68629C16.9232 2.90524 16.9232 1.63891 16.1421 0.85786C15.3611 0.0768115 14.0948 0.0768115 13.3137 0.85786L0.585786 13.5858ZM53.5 13L2 13L2 17L53.5 17L53.5 13Z\" fill=\"url(#paint0_radial_995_3280)\"><\/path><defs><radialgradient id=\"paint0_radial_995_3280\" cx=\"0\" cy=\"0\" r=\"1\" gradientunits=\"userSpaceOnUse\" gradienttransform=\"translate(73 33.5) rotate(-160.962) scale(75.1083 75.1083)\"><stop stop-color=\"#FF6B00\"><\/stop><stop offset=\"1\" stop-color=\"#FF3399\"><\/stop><\/radialgradient><\/defs><\/svg>\t\t\t<\/span>\n\t\t\t\t\t\t\t\t\t<span class=\"elementor-button-text\">Voltar <\/span>\n\t\t\t\t\t<\/span>\n\t\t\t\t\t<\/a>\n\t\t\t\t<\/div>\n\t\t\t\t\t\t\t\t<\/div>\n\t\t\t\t<\/div>\n\t\t\t\t\t<\/div>\n\t\t<\/div>\n\t\t\t\t\t<\/div>\n\t\t<\/section>\n\t\t\t\t<\/div>","protected":false},"excerpt":{"rendered":"<p>B28 Apartments V\u00eddeo Promocional e Cria\u00e7\u00e3o de Conte\u00fado Fotogr\u00e1fico \u00c1rea V\u00eddeo Promocional e Cria\u00e7\u00e3o de Conte\u00fado Fotogr\u00e1fico Ano 2018 Descri\u00e7\u00e3o do projeto O projeto centrou-se na realiza\u00e7\u00e3o de um v\u00eddeo promocional e de um banco de imagens que demonstrassem a qualidade e o requinte do espa\u00e7o de B28 Apartments, um hotel situado num edif\u00edcio hist\u00f3rico [&hellip;]<\/p>\n","protected":false},"author":12,"featured_media":0,"parent":0,"menu_order":0,"comment_status":"closed","ping_status":"closed","template":"","meta":{"om_disable_all_campaigns":false,"_monsterinsights_skip_tracking":false,"_monsterinsights_sitenote_active":false,"_monsterinsights_sitenote_note":"","_monsterinsights_sitenote_category":0,"_uf_show_specific_survey":0,"_uf_disable_surveys":false,"footnotes":""},"class_list":["post-3669","page","type-page","status-publish","hentry"],"aioseo_notices":[],"_links":{"self":[{"href":"https:\/\/asmartbusiness.pt\/en\/wp-json\/wp\/v2\/pages\/3669","targetHints":{"allow":["GET"]}}],"collection":[{"href":"https:\/\/asmartbusiness.pt\/en\/wp-json\/wp\/v2\/pages"}],"about":[{"href":"https:\/\/asmartbusiness.pt\/en\/wp-json\/wp\/v2\/types\/page"}],"author":[{"embeddable":true,"href":"https:\/\/asmartbusiness.pt\/en\/wp-json\/wp\/v2\/users\/12"}],"replies":[{"embeddable":true,"href":"https:\/\/asmartbusiness.pt\/en\/wp-json\/wp\/v2\/comments?post=3669"}],"version-history":[{"count":7,"href":"https:\/\/asmartbusiness.pt\/en\/wp-json\/wp\/v2\/pages\/3669\/revisions"}],"predecessor-version":[{"id":4013,"href":"https:\/\/asmartbusiness.pt\/en\/wp-json\/wp\/v2\/pages\/3669\/revisions\/4013"}],"wp:attachment":[{"href":"https:\/\/asmartbusiness.pt\/en\/wp-json\/wp\/v2\/media?parent=3669"}],"curies":[{"name":"wp","href":"https:\/\/api.w.org\/{rel}","templated":true}]}}