{"id":3725,"date":"2024-08-16T17:04:37","date_gmt":"2024-08-16T17:04:37","guid":{"rendered":"https:\/\/asmartbusiness.pt\/?page_id=3725"},"modified":"2024-10-19T23:20:26","modified_gmt":"2024-10-19T23:20:26","slug":"bayer","status":"publish","type":"page","link":"https:\/\/asmartbusiness.pt\/en\/bayer\/","title":{"rendered":"Bayer"},"content":{"rendered":"<div data-elementor-type=\"wp-page\" data-elementor-id=\"3725\" class=\"elementor elementor-3725\">\n\t\t\t\t\t\t<section class=\"elementor-section elementor-top-section elementor-element elementor-element-11f7aa8 elementor-section-boxed elementor-section-height-default elementor-section-height-default\" data-id=\"11f7aa8\" data-element_type=\"section\" data-e-type=\"section\">\n\t\t\t\t\t\t<div class=\"elementor-container elementor-column-gap-default\">\n\t\t\t\t\t<div class=\"elementor-column elementor-col-100 elementor-top-column elementor-element elementor-element-c4381a2\" data-id=\"c4381a2\" data-element_type=\"column\" data-e-type=\"column\">\n\t\t\t<div class=\"elementor-widget-wrap elementor-element-populated\">\n\t\t\t\t\t\t<div class=\"elementor-element elementor-element-0f6baad elementor-widget elementor-widget-heading\" data-id=\"0f6baad\" data-element_type=\"widget\" data-e-type=\"widget\" data-widget_type=\"heading.default\">\n\t\t\t\t<div class=\"elementor-widget-container\">\n\t\t\t\t\t<h2 class=\"elementor-heading-title elementor-size-default\">Bayer<\/h2>\t\t\t\t<\/div>\n\t\t\t\t<\/div>\n\t\t\t\t\t<\/div>\n\t\t<\/div>\n\t\t\t\t\t<\/div>\n\t\t<\/section>\n\t\t\t\t<section class=\"elementor-section elementor-top-section elementor-element elementor-element-afcbe80 elementor-section-boxed elementor-section-height-default elementor-section-height-default\" data-id=\"afcbe80\" data-element_type=\"section\" data-e-type=\"section\">\n\t\t\t\t\t\t<div class=\"elementor-container elementor-column-gap-default\">\n\t\t\t\t\t<div class=\"elementor-column elementor-col-100 elementor-top-column elementor-element elementor-element-15a5fe5\" data-id=\"15a5fe5\" data-element_type=\"column\" data-e-type=\"column\">\n\t\t\t<div class=\"elementor-widget-wrap elementor-element-populated\">\n\t\t\t\t\t\t<div class=\"elementor-element elementor-element-59832bc elementor-widget elementor-widget-heading\" data-id=\"59832bc\" data-element_type=\"widget\" data-e-type=\"widget\" data-widget_type=\"heading.default\">\n\t\t\t\t<div class=\"elementor-widget-container\">\n\t\t\t\t\t<h5 class=\"elementor-heading-title elementor-size-default\">Graphic Identity<\/h5>\t\t\t\t<\/div>\n\t\t\t\t<\/div>\n\t\t\t\t\t<\/div>\n\t\t<\/div>\n\t\t\t\t\t<\/div>\n\t\t<\/section>\n\t\t\t\t<section class=\"elementor-section elementor-top-section elementor-element elementor-element-2ade87b elementor-section-boxed elementor-section-height-default elementor-section-height-default\" data-id=\"2ade87b\" data-element_type=\"section\" data-e-type=\"section\">\n\t\t\t\t\t\t<div class=\"elementor-container elementor-column-gap-default\">\n\t\t\t\t\t<div class=\"elementor-column elementor-col-100 elementor-top-column elementor-element elementor-element-a8ca19e\" data-id=\"a8ca19e\" data-element_type=\"column\" data-e-type=\"column\">\n\t\t\t<div class=\"elementor-widget-wrap elementor-element-populated\">\n\t\t\t\t\t\t<div class=\"elementor-element elementor-element-bbda583 elementor-widget elementor-widget-spacer\" data-id=\"bbda583\" data-element_type=\"widget\" data-e-type=\"widget\" data-widget_type=\"spacer.default\">\n\t\t\t\t<div class=\"elementor-widget-container\">\n\t\t\t\t\t\t\t<div class=\"elementor-spacer\">\n\t\t\t<div class=\"elementor-spacer-inner\"><\/div>\n\t\t<\/div>\n\t\t\t\t\t\t<\/div>\n\t\t\t\t<\/div>\n\t\t\t\t\t<\/div>\n\t\t<\/div>\n\t\t\t\t\t<\/div>\n\t\t<\/section>\n\t\t\t\t<section class=\"elementor-section elementor-top-section elementor-element elementor-element-07a6737 elementor-section-boxed elementor-section-height-default elementor-section-height-default\" data-id=\"07a6737\" data-element_type=\"section\" data-e-type=\"section\">\n\t\t\t\t\t\t<div class=\"elementor-container elementor-column-gap-default\">\n\t\t\t\t\t<div class=\"elementor-column elementor-col-50 elementor-top-column elementor-element elementor-element-47054d6\" data-id=\"47054d6\" data-element_type=\"column\" data-e-type=\"column\">\n\t\t\t<div class=\"elementor-widget-wrap elementor-element-populated\">\n\t\t\t\t\t\t<div class=\"elementor-element elementor-element-cac310d elementor-widget elementor-widget-heading\" data-id=\"cac310d\" data-element_type=\"widget\" data-e-type=\"widget\" data-widget_type=\"heading.default\">\n\t\t\t\t<div class=\"elementor-widget-container\">\n\t\t\t\t\t<h5 class=\"elementor-heading-title elementor-size-default\">\u00c1rea<\/h5>\t\t\t\t<\/div>\n\t\t\t\t<\/div>\n\t\t\t\t\t<\/div>\n\t\t<\/div>\n\t\t\t\t<div class=\"elementor-column elementor-col-50 elementor-top-column elementor-element elementor-element-2e56935\" data-id=\"2e56935\" data-element_type=\"column\" data-e-type=\"column\">\n\t\t\t<div class=\"elementor-widget-wrap elementor-element-populated\">\n\t\t\t\t\t\t<div class=\"elementor-element elementor-element-58a56a6 elementor-widget elementor-widget-heading\" data-id=\"58a56a6\" data-element_type=\"widget\" data-e-type=\"widget\" data-widget_type=\"heading.default\">\n\t\t\t\t<div class=\"elementor-widget-container\">\n\t\t\t\t\t<p class=\"elementor-heading-title elementor-size-default\">Graphic Identity<\/p>\t\t\t\t<\/div>\n\t\t\t\t<\/div>\n\t\t\t\t\t<\/div>\n\t\t<\/div>\n\t\t\t\t\t<\/div>\n\t\t<\/section>\n\t\t\t\t<section class=\"elementor-section elementor-top-section elementor-element elementor-element-5eb2190 elementor-section-boxed elementor-section-height-default elementor-section-height-default\" data-id=\"5eb2190\" data-element_type=\"section\" data-e-type=\"section\">\n\t\t\t\t\t\t<div class=\"elementor-container elementor-column-gap-default\">\n\t\t\t\t\t<div class=\"elementor-column elementor-col-50 elementor-top-column elementor-element elementor-element-2432dc5\" data-id=\"2432dc5\" data-element_type=\"column\" data-e-type=\"column\">\n\t\t\t<div class=\"elementor-widget-wrap elementor-element-populated\">\n\t\t\t\t\t\t<div class=\"elementor-element elementor-element-74775c6 elementor-widget elementor-widget-heading\" data-id=\"74775c6\" data-element_type=\"widget\" data-e-type=\"widget\" data-widget_type=\"heading.default\">\n\t\t\t\t<div class=\"elementor-widget-container\">\n\t\t\t\t\t<h5 class=\"elementor-heading-title elementor-size-default\">Ano<\/h5>\t\t\t\t<\/div>\n\t\t\t\t<\/div>\n\t\t\t\t\t<\/div>\n\t\t<\/div>\n\t\t\t\t<div class=\"elementor-column elementor-col-50 elementor-top-column elementor-element elementor-element-f5e8173\" data-id=\"f5e8173\" data-element_type=\"column\" data-e-type=\"column\">\n\t\t\t<div class=\"elementor-widget-wrap elementor-element-populated\">\n\t\t\t\t\t\t<div class=\"elementor-element elementor-element-791fb7b elementor-widget elementor-widget-heading\" data-id=\"791fb7b\" data-element_type=\"widget\" data-e-type=\"widget\" data-widget_type=\"heading.default\">\n\t\t\t\t<div class=\"elementor-widget-container\">\n\t\t\t\t\t<p class=\"elementor-heading-title elementor-size-default\">2024<\/p>\t\t\t\t<\/div>\n\t\t\t\t<\/div>\n\t\t\t\t\t<\/div>\n\t\t<\/div>\n\t\t\t\t\t<\/div>\n\t\t<\/section>\n\t\t\t\t<section class=\"elementor-section elementor-top-section elementor-element elementor-element-1460ca5 elementor-section-boxed elementor-section-height-default elementor-section-height-default\" data-id=\"1460ca5\" data-element_type=\"section\" data-e-type=\"section\">\n\t\t\t\t\t\t<div class=\"elementor-container elementor-column-gap-default\">\n\t\t\t\t\t<div class=\"elementor-column elementor-col-50 elementor-top-column elementor-element elementor-element-f898218\" data-id=\"f898218\" data-element_type=\"column\" data-e-type=\"column\">\n\t\t\t<div class=\"elementor-widget-wrap elementor-element-populated\">\n\t\t\t\t\t\t<div class=\"elementor-element elementor-element-946595f elementor-widget elementor-widget-heading\" data-id=\"946595f\" data-element_type=\"widget\" data-e-type=\"widget\" data-widget_type=\"heading.default\">\n\t\t\t\t<div class=\"elementor-widget-container\">\n\t\t\t\t\t<h5 class=\"elementor-heading-title elementor-size-default\">Descri\u00e7\u00e3o do projeto<\/h5>\t\t\t\t<\/div>\n\t\t\t\t<\/div>\n\t\t\t\t\t<\/div>\n\t\t<\/div>\n\t\t\t\t<div class=\"elementor-column elementor-col-50 elementor-top-column elementor-element elementor-element-d963f31\" data-id=\"d963f31\" data-element_type=\"column\" data-e-type=\"column\">\n\t\t\t<div class=\"elementor-widget-wrap elementor-element-populated\">\n\t\t\t\t\t\t<div class=\"elementor-element elementor-element-bae05bc elementor-widget__width-initial elementor-widget elementor-widget-heading\" data-id=\"bae05bc\" data-element_type=\"widget\" data-e-type=\"widget\" data-widget_type=\"heading.default\">\n\t\t\t\t<div class=\"elementor-widget-container\">\n\t\t\t\t\t<p class=\"elementor-heading-title elementor-size-default\">A Bayer \u00e9 reconhecida pelo seu compromisso com a sa\u00fade e o\nbem-estar, princ\u00edpios fundamentais que orientaram a nossa\nproposta para o concurso. Desenvolvemos toda a imagem\ngr\u00e1fica para o evento STEM4HEALTH 9.0, salientando \u00e1reas de\nbem-estar, sa\u00fade e digitaliza\u00e7\u00e3o. Utiliz\u00e1mos cores suaves,\ncomo tons de verde e azul, para transmitir calma, sa\u00fade e\nvitalidade, enquanto que as formas org\u00e2nicas simbolizam a\nnatureza e a energia vital. Criamos elementos gr\u00e1ficos, como\ncartazes, publica\u00e7\u00f5es, cadernos, tote bags, roll up e stickers.\nDevido a todo o trabalho de equipa realizado pelos membros,\nganhamos o concurso nacional aberto pela Bayer.<\/p>\t\t\t\t<\/div>\n\t\t\t\t<\/div>\n\t\t\t\t\t<\/div>\n\t\t<\/div>\n\t\t\t\t\t<\/div>\n\t\t<\/section>\n\t\t\t\t<section class=\"elementor-section elementor-top-section elementor-element elementor-element-a53795c elementor-section-boxed elementor-section-height-default elementor-section-height-default\" data-id=\"a53795c\" data-element_type=\"section\" data-e-type=\"section\">\n\t\t\t\t\t\t<div class=\"elementor-container elementor-column-gap-default\">\n\t\t\t\t\t<div class=\"elementor-column elementor-col-100 elementor-top-column elementor-element elementor-element-988c82a\" data-id=\"988c82a\" data-element_type=\"column\" data-e-type=\"column\">\n\t\t\t<div class=\"elementor-widget-wrap elementor-element-populated\">\n\t\t\t\t\t\t<div class=\"elementor-element elementor-element-551944b elementor-widget elementor-widget-spacer\" data-id=\"551944b\" data-element_type=\"widget\" data-e-type=\"widget\" data-widget_type=\"spacer.default\">\n\t\t\t\t<div class=\"elementor-widget-container\">\n\t\t\t\t\t\t\t<div class=\"elementor-spacer\">\n\t\t\t<div class=\"elementor-spacer-inner\"><\/div>\n\t\t<\/div>\n\t\t\t\t\t\t<\/div>\n\t\t\t\t<\/div>\n\t\t\t\t\t<\/div>\n\t\t<\/div>\n\t\t\t\t\t<\/div>\n\t\t<\/section>\n\t\t\t\t<section class=\"elementor-section elementor-top-section elementor-element elementor-element-51c31cd elementor-section-boxed elementor-section-height-default elementor-section-height-default\" data-id=\"51c31cd\" data-element_type=\"section\" data-e-type=\"section\">\n\t\t\t\t\t\t<div class=\"elementor-container elementor-column-gap-default\">\n\t\t\t\t\t<div class=\"elementor-column elementor-col-33 elementor-top-column elementor-element elementor-element-5bc7cf5\" data-id=\"5bc7cf5\" data-element_type=\"column\" data-e-type=\"column\">\n\t\t\t<div class=\"elementor-widget-wrap elementor-element-populated\">\n\t\t\t\t\t\t<div class=\"elementor-element elementor-element-813d721 elementor-widget elementor-widget-image\" data-id=\"813d721\" data-element_type=\"widget\" data-e-type=\"widget\" data-widget_type=\"image.default\">\n\t\t\t\t<div class=\"elementor-widget-container\">\n\t\t\t\t\t\t\t\t\t\t\t\t\t\t\t<img fetchpriority=\"high\" decoding=\"async\" width=\"600\" height=\"637\" src=\"https:\/\/asmartbusiness.pt\/wp-content\/uploads\/2024\/08\/bayer3.png\" class=\"attachment-large size-large wp-image-3706\" alt=\"\" srcset=\"https:\/\/asmartbusiness.pt\/wp-content\/uploads\/2024\/08\/bayer3.png 600w, https:\/\/asmartbusiness.pt\/wp-content\/uploads\/2024\/08\/bayer3-283x300.png 283w, https:\/\/asmartbusiness.pt\/wp-content\/uploads\/2024\/08\/bayer3-11x12.png 11w\" sizes=\"(max-width: 600px) 100vw, 600px\" \/>\t\t\t\t\t\t\t\t\t\t\t\t\t\t\t<\/div>\n\t\t\t\t<\/div>\n\t\t\t\t\t<\/div>\n\t\t<\/div>\n\t\t\t\t<div class=\"elementor-column elementor-col-66 elementor-top-column elementor-element elementor-element-ac3ecdc\" data-id=\"ac3ecdc\" data-element_type=\"column\" data-e-type=\"column\">\n\t\t\t<div class=\"elementor-widget-wrap elementor-element-populated\">\n\t\t\t\t\t\t<div class=\"elementor-element elementor-element-5a65e74 elementor-widget elementor-widget-image\" data-id=\"5a65e74\" data-element_type=\"widget\" data-e-type=\"widget\" data-widget_type=\"image.default\">\n\t\t\t\t<div class=\"elementor-widget-container\">\n\t\t\t\t\t\t\t\t\t\t\t\t\t\t\t<img decoding=\"async\" width=\"800\" height=\"534\" src=\"https:\/\/asmartbusiness.pt\/wp-content\/uploads\/2024\/08\/bayer1-1024x683.jpg\" class=\"attachment-large size-large wp-image-3704\" alt=\"\" srcset=\"https:\/\/asmartbusiness.pt\/wp-content\/uploads\/2024\/08\/bayer1-1024x683.jpg 1024w, https:\/\/asmartbusiness.pt\/wp-content\/uploads\/2024\/08\/bayer1-300x200.jpg 300w, https:\/\/asmartbusiness.pt\/wp-content\/uploads\/2024\/08\/bayer1-768x512.jpg 768w, https:\/\/asmartbusiness.pt\/wp-content\/uploads\/2024\/08\/bayer1-1536x1024.jpg 1536w, https:\/\/asmartbusiness.pt\/wp-content\/uploads\/2024\/08\/bayer1-18x12.jpg 18w, https:\/\/asmartbusiness.pt\/wp-content\/uploads\/2024\/08\/bayer1.jpg 1920w\" sizes=\"(max-width: 800px) 100vw, 800px\" \/>\t\t\t\t\t\t\t\t\t\t\t\t\t\t\t<\/div>\n\t\t\t\t<\/div>\n\t\t\t\t\t<\/div>\n\t\t<\/div>\n\t\t\t\t\t<\/div>\n\t\t<\/section>\n\t\t\t\t<section class=\"elementor-section elementor-top-section elementor-element elementor-element-f873eb1 elementor-section-boxed elementor-section-height-default elementor-section-height-default\" data-id=\"f873eb1\" data-element_type=\"section\" data-e-type=\"section\">\n\t\t\t\t\t\t<div class=\"elementor-container elementor-column-gap-default\">\n\t\t\t\t\t<div class=\"elementor-column elementor-col-100 elementor-top-column elementor-element elementor-element-0efdf89\" data-id=\"0efdf89\" data-element_type=\"column\" data-e-type=\"column\">\n\t\t\t<div class=\"elementor-widget-wrap elementor-element-populated\">\n\t\t\t\t\t\t<div class=\"elementor-element elementor-element-e92dbed elementor-widget__width-initial elementor-widget elementor-widget-image\" data-id=\"e92dbed\" data-element_type=\"widget\" data-e-type=\"widget\" data-widget_type=\"image.default\">\n\t\t\t\t<div class=\"elementor-widget-container\">\n\t\t\t\t\t\t\t\t\t\t\t\t\t\t\t<img decoding=\"async\" width=\"800\" height=\"450\" src=\"https:\/\/asmartbusiness.pt\/wp-content\/uploads\/2024\/08\/bayer2-1024x576.jpg\" class=\"attachment-large size-large wp-image-3705\" alt=\"\" srcset=\"https:\/\/asmartbusiness.pt\/wp-content\/uploads\/2024\/08\/bayer2-1024x576.jpg 1024w, https:\/\/asmartbusiness.pt\/wp-content\/uploads\/2024\/08\/bayer2-300x169.jpg 300w, https:\/\/asmartbusiness.pt\/wp-content\/uploads\/2024\/08\/bayer2-768x432.jpg 768w, https:\/\/asmartbusiness.pt\/wp-content\/uploads\/2024\/08\/bayer2-1536x864.jpg 1536w, https:\/\/asmartbusiness.pt\/wp-content\/uploads\/2024\/08\/bayer2-18x10.jpg 18w, https:\/\/asmartbusiness.pt\/wp-content\/uploads\/2024\/08\/bayer2.jpg 1920w\" sizes=\"(max-width: 800px) 100vw, 800px\" \/>\t\t\t\t\t\t\t\t\t\t\t\t\t\t\t<\/div>\n\t\t\t\t<\/div>\n\t\t\t\t\t<\/div>\n\t\t<\/div>\n\t\t\t\t\t<\/div>\n\t\t<\/section>\n\t\t\t\t<section class=\"elementor-section elementor-top-section elementor-element elementor-element-2077aa3 elementor-section-boxed elementor-section-height-default elementor-section-height-default\" data-id=\"2077aa3\" data-element_type=\"section\" data-e-type=\"section\">\n\t\t\t\t\t\t<div class=\"elementor-container elementor-column-gap-default\">\n\t\t\t\t\t<div class=\"elementor-column elementor-col-100 elementor-top-column elementor-element elementor-element-9ecfa1d\" data-id=\"9ecfa1d\" data-element_type=\"column\" data-e-type=\"column\">\n\t\t\t<div class=\"elementor-widget-wrap elementor-element-populated\">\n\t\t\t\t\t\t<div class=\"elementor-element elementor-element-664f79c elementor-widget elementor-widget-spacer\" data-id=\"664f79c\" data-element_type=\"widget\" data-e-type=\"widget\" data-widget_type=\"spacer.default\">\n\t\t\t\t<div class=\"elementor-widget-container\">\n\t\t\t\t\t\t\t<div class=\"elementor-spacer\">\n\t\t\t<div class=\"elementor-spacer-inner\"><\/div>\n\t\t<\/div>\n\t\t\t\t\t\t<\/div>\n\t\t\t\t<\/div>\n\t\t\t\t\t<\/div>\n\t\t<\/div>\n\t\t\t\t\t<\/div>\n\t\t<\/section>\n\t\t\t\t<section class=\"elementor-section elementor-top-section elementor-element elementor-element-40abb71 elementor-section-boxed elementor-section-height-default elementor-section-height-default\" data-id=\"40abb71\" data-element_type=\"section\" data-e-type=\"section\">\n\t\t\t\t\t\t<div class=\"elementor-container elementor-column-gap-default\">\n\t\t\t\t\t<div class=\"elementor-column elementor-col-100 elementor-top-column elementor-element elementor-element-a0de8c0\" data-id=\"a0de8c0\" data-element_type=\"column\" data-e-type=\"column\">\n\t\t\t<div class=\"elementor-widget-wrap elementor-element-populated\">\n\t\t\t\t\t\t<div class=\"elementor-element elementor-element-b3d9926 elementor-widget elementor-widget-button\" data-id=\"b3d9926\" data-element_type=\"widget\" data-e-type=\"widget\" data-widget_type=\"button.default\">\n\t\t\t\t<div class=\"elementor-widget-container\">\n\t\t\t\t\t\t\t\t\t<div class=\"elementor-button-wrapper\">\n\t\t\t\t\t<a class=\"elementor-button elementor-button-link elementor-size-sm\" href=\"https:\/\/asmartbusiness.pt\/en\/portfolio\/\">\n\t\t\t\t\t\t<span class=\"elementor-button-content-wrapper\">\n\t\t\t\t\t\t<span class=\"elementor-button-icon\">\n\t\t\t\t<svg xmlns=\"http:\/\/www.w3.org\/2000\/svg\" width=\"56\" height=\"30\" viewbox=\"0 0 56 30\" fill=\"none\"><path d=\"M53.5 17C54.6046 17 55.5 16.1046 55.5 15C55.5 13.8954 54.6046 13 53.5 13L53.5 17ZM0.585786 13.5858C-0.195262 14.3668 -0.195262 15.6332 0.585786 16.4142L13.3137 29.1421C14.0948 29.9232 15.3611 29.9232 16.1421 29.1421C16.9232 28.3611 16.9232 27.0948 16.1421 26.3137L4.82843 15L16.1421 3.68629C16.9232 2.90524 16.9232 1.63891 16.1421 0.85786C15.3611 0.0768115 14.0948 0.0768115 13.3137 0.85786L0.585786 13.5858ZM53.5 13L2 13L2 17L53.5 17L53.5 13Z\" fill=\"url(#paint0_radial_995_3280)\"><\/path><defs><radialgradient id=\"paint0_radial_995_3280\" cx=\"0\" cy=\"0\" r=\"1\" gradientunits=\"userSpaceOnUse\" gradienttransform=\"translate(73 33.5) rotate(-160.962) scale(75.1083 75.1083)\"><stop stop-color=\"#FF6B00\"><\/stop><stop offset=\"1\" stop-color=\"#FF3399\"><\/stop><\/radialgradient><\/defs><\/svg>\t\t\t<\/span>\n\t\t\t\t\t\t\t\t\t<span class=\"elementor-button-text\">Voltar <\/span>\n\t\t\t\t\t<\/span>\n\t\t\t\t\t<\/a>\n\t\t\t\t<\/div>\n\t\t\t\t\t\t\t\t<\/div>\n\t\t\t\t<\/div>\n\t\t\t\t<div class=\"elementor-element elementor-element-c4ed9ab elementor-widget elementor-widget-spacer\" data-id=\"c4ed9ab\" data-element_type=\"widget\" data-e-type=\"widget\" data-widget_type=\"spacer.default\">\n\t\t\t\t<div class=\"elementor-widget-container\">\n\t\t\t\t\t\t\t<div class=\"elementor-spacer\">\n\t\t\t<div class=\"elementor-spacer-inner\"><\/div>\n\t\t<\/div>\n\t\t\t\t\t\t<\/div>\n\t\t\t\t<\/div>\n\t\t\t\t\t<\/div>\n\t\t<\/div>\n\t\t\t\t\t<\/div>\n\t\t<\/section>\n\t\t\t\t<\/div>","protected":false},"excerpt":{"rendered":"<p>Bayer Identidade Gr\u00e1fica \u00c1rea Identidade Gr\u00e1fica Ano 2024 Descri\u00e7\u00e3o do projeto A Bayer \u00e9 reconhecida pelo seu compromisso com a sa\u00fade e o bem-estar, princ\u00edpios fundamentais que orientaram a nossa proposta para o concurso. Desenvolvemos toda a imagem gr\u00e1fica para o evento STEM4HEALTH 9.0, salientando \u00e1reas de bem-estar, sa\u00fade e digitaliza\u00e7\u00e3o. Utiliz\u00e1mos cores suaves, como [&hellip;]<\/p>\n","protected":false},"author":12,"featured_media":0,"parent":0,"menu_order":0,"comment_status":"closed","ping_status":"closed","template":"","meta":{"om_disable_all_campaigns":false,"_monsterinsights_skip_tracking":false,"_monsterinsights_sitenote_active":false,"_monsterinsights_sitenote_note":"","_monsterinsights_sitenote_category":0,"_uf_show_specific_survey":0,"_uf_disable_surveys":false,"footnotes":""},"class_list":["post-3725","page","type-page","status-publish","hentry"],"aioseo_notices":[],"_links":{"self":[{"href":"https:\/\/asmartbusiness.pt\/en\/wp-json\/wp\/v2\/pages\/3725","targetHints":{"allow":["GET"]}}],"collection":[{"href":"https:\/\/asmartbusiness.pt\/en\/wp-json\/wp\/v2\/pages"}],"about":[{"href":"https:\/\/asmartbusiness.pt\/en\/wp-json\/wp\/v2\/types\/page"}],"author":[{"embeddable":true,"href":"https:\/\/asmartbusiness.pt\/en\/wp-json\/wp\/v2\/users\/12"}],"replies":[{"embeddable":true,"href":"https:\/\/asmartbusiness.pt\/en\/wp-json\/wp\/v2\/comments?post=3725"}],"version-history":[{"count":7,"href":"https:\/\/asmartbusiness.pt\/en\/wp-json\/wp\/v2\/pages\/3725\/revisions"}],"predecessor-version":[{"id":4046,"href":"https:\/\/asmartbusiness.pt\/en\/wp-json\/wp\/v2\/pages\/3725\/revisions\/4046"}],"wp:attachment":[{"href":"https:\/\/asmartbusiness.pt\/en\/wp-json\/wp\/v2\/media?parent=3725"}],"curies":[{"name":"wp","href":"https:\/\/api.w.org\/{rel}","templated":true}]}}